{"id":75,"date":"2020-09-15T03:49:56","date_gmt":"2020-09-15T03:49:56","guid":{"rendered":"http:\/\/localhost\/rua-anh\/?page_id=75"},"modified":"2022-03-23T03:53:49","modified_gmt":"2022-03-23T03:53:49","slug":"lien-he","status":"publish","type":"page","link":"http:\/\/ruaanhlayngay.com\/rua-anh\/lien-he\/","title":{"rendered":"Li\u00ean h\u1ec7"},"content":{"rendered":"\n<p>Li\u00ean h\u1ec7 r\u1eeda \u1ea3nh L\u1ea5y Ngay, Ch\u1ee5p \u1ea3nh th\u1ebb, \u1ea2nh vi\u1ec7n Cho b\u00e9 &amp; Gia \u0111\u00ecnh &#8211; Sinh nh\u1eadt &#8211; Ti\u1ec7c L\u1edbp<\/p>\n\n\n\n<p style=\"font-size:22px\"><strong>\u0110\/c<\/strong> C\u1ed5ng TimesCity Ch\u1ee5p \u1ea3nh th\u1ebb, r\u1eeda \u1ea3nh to L\u1ea5y Ngay:<br>233 Minh Khai &#8211; l\u1ed1i Ti\u1ec3u h\u1ecdc Vinschool h\u01b0\u1edbng \u0111i c\u1ea7u Mai \u0110\u1ed9ng.<br><strong>\u0110\/c<\/strong>: Shophouse m\u1eb7t \u0111\u1ea5t \u0111\u1ed7 \u0111\u01b0\u1ee3c \u00f4 t\u00f4: T\u1ea7ng 1 Shop 2 Park 2 Timecity Minh Khai<br><strong>\u0110\/c<\/strong>: 101 A6 Mai \u0110\u1ed9ng, Q. Ho\u00e0ng Mai, H\u00e0 N\u1ed9i<br><strong>\u0110\/c<\/strong>: 164 Nam D\u01b0, L\u0129nh Nam, H\u00e0 N\u1ed9i.<\/p>\n\n\n\n<p class=\"has-text-align-center\" style=\"font-size:22px\">HI\u1ec6U \u1ea2NH  KTS PROLAB &#8211; R\u1eecA \u1ea2NH L\u1ea4Y NGAY<br><span class=\"has-inline-color has-vivid-red-color\">ANH KHOA \u2013 2005 \u2013<br>\u1ea2NH VI\u1ec6N CHO B\u00c9 &amp; GIA \u0110\u00ccNH<\/span> &#8211; S\u1ef0 KI\u1ec6N<br>CH\u1ee4P \u1ea2NH <strong>S\u1ea2N PH\u1ea8M L\u1ea4Y NGAY C\u00c1C LO\u1ea0I<\/strong><br>Ch\u1ee5p \u1ea3nh th\u1ebb\u00a0<strong><em><span class=\"has-inline-color has-vivid-cyan-blue-color\">L\u1ea5y Ngay<\/span><\/em><\/strong>, R\u1eeda \u1ea3nh c\u1ee1 to\u00a0<strong><em><span class=\"has-inline-color has-vivid-cyan-blue-color\">L\u1ea5y Ngay<\/span><\/em><\/strong><br><span class=\"has-inline-color has-vivid-red-color\">R\u1eeda \u1ea3nh ch\u00ednh h\u00e3ng<\/span> M\u1ef9 (usa), Nh\u1eadt (Japan), Kodak, fujifilm..<br>R\u1eeda \u1ea3nh t\u1eeb \u0110TD\u0110, Email, Facebook\u2026<strong><em>L\u1ea5y ngay<\/em><\/strong><\/p>\n\n\n\n<p class=\"has-text-align-center has-accent-color has-text-color\" style=\"font-size:22px\"><span class=\"has-inline-color has-vivid-red-color\"><strong>H\u1ed7 tr\u1ee3 t\u1eadn n\u01a1i 24\/24 c\u1ea3 ngo\u00e0i gi\u1edd<br>\u0110t: (Zalo) 038 6604 999 \u2013 0335 222 507<\/strong><br>Email: aocuoianhkhoa@gmail.com<\/span><\/p>\n\n\n\n<figure class=\"wp-block-image size-large\"><img loading=\"lazy\" width=\"1024\" height=\"683\" src=\"http:\/\/localhost\/rua-anh\/wp-content\/uploads\/2020\/09\/chup-anh-the-lay-ngay-minh-khai-1-1024x683.jpg\" alt=\"\" class=\"wp-image-54\" srcset=\"http:\/\/ruaanhlayngay.com\/rua-anh\/wp-content\/uploads\/2020\/09\/chup-anh-the-lay-ngay-minh-khai-1-1024x683.jpg 1024w, http:\/\/ruaanhlayngay.com\/rua-anh\/wp-content\/uploads\/2020\/09\/chup-anh-the-lay-ngay-minh-khai-1-300x200.jpg 300w, http:\/\/ruaanhlayngay.com\/rua-anh\/wp-content\/uploads\/2020\/09\/chup-anh-the-lay-ngay-minh-khai-1-768x512.jpg 768w, http:\/\/ruaanhlayngay.com\/rua-anh\/wp-content\/uploads\/2020\/09\/chup-anh-the-lay-ngay-minh-khai-1-1536x1024.jpg 1536w, http:\/\/ruaanhlayngay.com\/rua-anh\/wp-content\/uploads\/2020\/09\/chup-anh-the-lay-ngay-minh-khai-1-2048x1365.jpg 2048w, http:\/\/ruaanhlayngay.com\/rua-anh\/wp-content\/uploads\/2020\/09\/chup-anh-the-lay-ngay-minh-khai-1-1200x800.jpg 1200w, http:\/\/ruaanhlayngay.com\/rua-anh\/wp-content\/uploads\/2020\/09\/chup-anh-the-lay-ngay-minh-khai-1-1980x1320.jpg 1980w\" sizes=\"(max-width: 1024px) 100vw, 1024px\" \/><\/figure>\n","protected":false},"excerpt":{"rendered":"<div class=\"mh-excerpt\"><p>Li\u00ean h\u1ec7 r\u1eeda \u1ea3nh L\u1ea5y Ngay, Ch\u1ee5p \u1ea3nh th\u1ebb, \u1ea2nh vi\u1ec7n Cho b\u00e9 &amp; Gia \u0111\u00ecnh &#8211; Sinh nh\u1eadt &#8211; Ti\u1ec7c L\u1edbp \u0110\/c C\u1ed5ng TimesCity <a class=\"mh-excerpt-more\" href=\"http:\/\/ruaanhlayngay.com\/rua-anh\/lien-he\/\" title=\"Li\u00ean h\u1ec7\">[&#8230;]<\/a><\/p>\n<\/div>","protected":false},"author":1,"featured_media":0,"parent":0,"menu_order":2,"comment_status":"closed","ping_status":"closed","template":"","meta":[],"_links":{"self":[{"href":"http:\/\/ruaanhlayngay.com\/rua-anh\/wp-json\/wp\/v2\/pages\/75"}],"collection":[{"href":"http:\/\/ruaanhlayngay.com\/rua-anh\/wp-json\/wp\/v2\/pages"}],"about":[{"href":"http:\/\/ruaanhlayngay.com\/rua-anh\/wp-json\/wp\/v2\/types\/page"}],"author":[{"embeddable":true,"href":"http:\/\/ruaanhlayngay.com\/rua-anh\/wp-json\/wp\/v2\/users\/1"}],"replies":[{"embeddable":true,"href":"http:\/\/ruaanhlayngay.com\/rua-anh\/wp-json\/wp\/v2\/comments?post=75"}],"version-history":[{"count":16,"href":"http:\/\/ruaanhlayngay.com\/rua-anh\/wp-json\/wp\/v2\/pages\/75\/revisions"}],"predecessor-version":[{"id":555,"href":"http:\/\/ruaanhlayngay.com\/rua-anh\/wp-json\/wp\/v2\/pages\/75\/revisions\/555"}],"wp:attachment":[{"href":"http:\/\/ruaanhlayngay.com\/rua-anh\/wp-json\/wp\/v2\/media?parent=75"}],"curies":[{"name":"wp","href":"https:\/\/api.w.org\/{rel}","templated":true}]}}