{"id":3,"date":"2020-09-14T04:49:59","date_gmt":"2020-09-14T04:49:59","guid":{"rendered":"http:\/\/localhost\/rua-anh\/?page_id=3"},"modified":"2022-02-06T01:35:52","modified_gmt":"2022-02-06T01:35:52","slug":"chinh-sach-bao-mat","status":"publish","type":"page","link":"http:\/\/ruaanhlayngay.com\/rua-anh\/chinh-sach-bao-mat\/","title":{"rendered":"\u0110\u1ecba ch\u1ec9"},"content":{"rendered":"\n<p>\u0110\u1ecba ch\u1ec9 website l\u00e0: http:\/\/ruaanhlayngay.com.<\/p>\n\n\n\n<p class=\"has-accent-color has-text-color\" style=\"font-size:22px\">\u0110\u1ecba ch\u1ec9 Ch\u1ee5p \u1ea3nh th\u1ebb <span class=\"has-inline-color has-vivid-cyan-blue-color\"><strong><em>L\u1ea5y Ngay<\/em><\/strong><\/span> v\u00e0 R\u1eeda \u1ea3nh c\u1ee1 to <span class=\"has-inline-color has-vivid-cyan-blue-color\"><strong><em>L\u1ea5y Ngay<\/em><\/strong><\/span> Minh Khai Timecity H\u1ed7 tr\u1ee3 t\u1eadn n\u01a1i 24\/24 c\u1ea3 ngo\u00e0i gi\u1edd to\u00e0n H\u00e0 N\u1ed9i Ch\u1ee5p \u1ea3nh &amp; R\u1eeda \u1ea3nh <strong><em><mark>L\u1ea5y Ngay<\/mark><\/em><\/strong>. &#8220;Ph\u1ee5c ch\u1ebf \u1ea3nh c\u0169&#8221; <strong><em>L\u1ea5y Ngay<\/em><\/strong> v\u00e0 R\u1eeda \u1ea3nh c\u1ee1 to L\u1ea5y Ngay.<\/p>\n\n\n\n<p class=\"has-text-align-center\" style=\"font-size:22px\">Hi\u1ec7u \u1ea3nh KTS ANH KHOA -2005- \u1ea2nh vi\u1ec7n Cho b\u00e9 &amp; Gia \u0111\u00ecnh<br>R\u1eeda \u1ea3nh\u00a0<strong><em><mark>L\u1ea5y Ngay<\/mark><\/em><\/strong>\u00a0ch\u00ednh h\u00e3ng M\u1ef9 (Usa), Nh\u1eadt (Japan), Kodak, fujifilm.. Khung \u1ea3nh c\u00e1c lo\u1ea1i&#8230;Ph\u1ee5 ki\u1ec7n trang tr\u00ed \u1ea3nh.<br>Ph\u1ee5c ch\u1ebf \u1ea3nh c\u0169 <strong><em>L\u1ea5y Ngay<\/em><\/strong> v\u00e0 R\u1eeda \u1ea3nh kh\u1ed5 to <strong><em>L\u1ea5y Ngay<\/em><\/strong><br><strong>H\u1ed7 tr\u1ee3 t\u1eadn n\u01a1i 24\/24 c\u1ea3 ngo\u00e0i gi\u1edd<br>\u0110t: (Zalo) 038 6604 999 \u2013 0335 222 507<\/strong><br>Email: aocuoianhkhoa@gmail.com<br>B\u1ea3n quy\u1ec1n R\u1eeda \u1ea3nh L\u1ea5y Ngay http:\/\/ruaanhlayngay.com<\/p>\n\n\n\n<p><\/p>\n\n\n\n<p style=\"font-size:22px\"><strong>\u0110\/c<\/strong>: Ch\u1ee5p \u1ea3nh th\u1ebb v\u00e0 r\u1eeda \u1ea3nh kh\u1ed5 to <strong><em>L\u1ea5y Ngay<\/em><\/strong>:<br>* 233 Minh Khai, P. V\u0129nh Tuy, Q. Hai B\u00e0 Tr\u01b0ng, H\u00e0 N\u1ed9i.<br>(B\u00ean ph\u1ea3i \u0111\u01b0\u1eddng c\u00e1ch c\u1ea7u Mai \u0110\u1ed9ng v\u00e0i nh\u00e0)<br><strong>\u0110\/c<\/strong>: Ch\u1ee5p \u1ea3nh th\u1ebb Minh Khai Timecity: <br>458 Minh Khai, Q. Hai B\u00e0 Tr\u01b0ng<br>(m\u1eb7t \u0111\u1ea5t \u0111\u1ed7 \u0111c \u00f4 t\u00f4 T\u1ea7ng 1 Shop 2 Park 2 Timecity Minh Khai *ngay m\u1eb7t \u0111\u1ea5t \u0111\u01b0\u1eddng to \u0111\u1ed1i di\u1ec7n nh\u00ecn sang T9 Timecity*<br><strong>\u0110\/c<\/strong>: Ch\u1ee5p \u1ea3nh th\u1ebb Linh \u0110\u00e0m: <br>Nh\u00e0 ri\u00eang: Shop OCT2-\u0110N3 \u0110\u1eb7ng Xu\u00e2n B\u1ea3ng, \u0110\u1ea1i Kim (Khu \u0111\u00f4 th\u1ecb Linh \u0110\u00e0m &#8211; Nh\u00e0 ri\u00eang gi\u1edd h\u1ed7 tr\u1ee3 24\/24 t\u1ea1i 233 Minh Khai v\u00e0 shop 02 &#8211; Park 2 &#8211; Times City).<br><strong>\u0110\/c<\/strong>: Ch\u1ee5p \u1ea3nh th\u1ebb nh\u00e0 ri\u00eang: 101 A6 Mai \u0110\u1ed9ng, Q. Ho\u00e0ng Mai, H\u00e0 N\u1ed9i<br>(Nh\u00e0 ri\u00eang gi\u1edd h\u1ed7 tr\u1ee3 24\/24 t\u1ea1i 233 Minh Khai v\u00e0 shop 02 &#8211;  Park 2 TimesCity)<br><strong>\u0110\/c<\/strong>: Ch\u1ee5p \u1ea3nh th\u1ebb nh\u00e0 ri\u00eang: 164 Nam D\u01b0, L\u0129nh Nam, H\u00e0 N\u1ed9i.<br>(Nh\u00e0 ri\u00eang h\u1ed7 tr\u1ee3 24\/24 t\u1ea1i 233 Minh Khai v\u00e0 m\u1eb7t \u0111\u1ea5t shop 02 &#8211; Park 2 &#8211; TimesCity, Hai B\u00e0 Tr\u01b0ng, H\u00e0 N\u1ed9i)<br><\/p>\n\n\n\n<figure class=\"wp-block-table\"><table><tbody><tr><td>1<\/td><td>Qu\u1eadn Hai B\u00e0 Tr\u01b0ng &#8211; Minh Khai Timecity &#8211; m\u1eb7t Park 2 \u0111\u1ed1i di\u1ec7n T9 Timecity<\/td><\/tr><tr><td>2<\/td><td>Qu\u1eadn Ho\u00e0ng Mai<\/td><\/tr><tr><td>3<\/td><td>Qu\u1eadn C\u1ea7u Gi\u1ea5y<\/td><\/tr><tr><td>4<\/td><td>Qu\u1eadn \u0110\u1ed1ng \u0110a<\/td><\/tr><tr><td>5<\/td><td>Qu\u1eadn H\u00e0 \u0110\u00f4ng<\/td><\/tr><tr><td>6<\/td><td>Qu\u1eadn Ba \u0110\u00ecnh<\/td><\/tr><tr><td>7<\/td><td>Qu\u1eadn Ho\u00e0n Ki\u1ebfm<\/td><\/tr><tr><td>8<\/td><td>Qu\u1eadn B\u1eafc T\u1eeb Li\u00eam<\/td><\/tr><tr><td>9<\/td><td>Qu\u1eadn Long Bi\u00ean<\/td><\/tr><tr><td>10<\/td><td>Qu\u1eadn Nam T\u1eeb Li\u00eam<\/td><\/tr><tr><td>11<\/td><td>Qu\u1eadn T\u00e2y H\u1ed3<\/td><\/tr><tr><td>12<\/td><td>Qu\u1eadn Thanh Xu\u00e2n<\/td><\/tr><\/tbody><\/table><\/figure>\n\n\n\n<p><strong>Ch\u1ee5p \u1ea3nh th\u1ebb L\u1ea5y Ngay Qu\u1eadn Hai B\u00e0 Tr\u01b0ng h\u1ed7 tr\u1ee3 t\u1eadn n\u01a1i 24\/24 \u0110t: 0386 604 999 &#8211; 0335 222 507 R\u1eeda \u1ea3nh L\u1ea5y Ngay http:\/\/ruaanhlayngay.com<\/strong><br>Hai B\u00e0 Tr\u01b0ng, L\u1ea1c Trung, Mai \u0110\u1ed9ng, Nguy\u1ec5n Kho\u00e1i, Nguy\u1ec5n Du, L\u00ea \u0110\u1ea1i H\u00e0nh, B\u00f9i Th\u1ecb Xu\u00e2n, Ph\u1ed1 Hu\u1ebf, Ng\u00f4 Th\u00ec Nh\u1eadm, Ph\u1ea1m \u0110\u00ecnh H\u1ed5, \u0110\u1ed3ng Nh\u00e2n, \u0110\u1ed1ng M\u00e1c, B\u1ea1ch \u0110\u1eb1ng, Thanh L\u01b0\u01a1ng, Thanh Nh\u00e0n, C\u1ea7u D\u1ec1n, B\u00e1ch Khoa, Qu\u1ef3nh L\u00f4i, B\u1ea1ch Mai, Qu\u1ef3nh Mai, V\u0129nh Tuy, Minh Khai, Tr\u01b0\u01a1ng \u0110\u1ecbnh, \u0110\u1ed3ng T\u00e2m, Gi\u00e1p B\u00e1t, &#8230;<\/p>\n\n\n\n<p>\u2022 8-3<br>\u2022 B\u00e0 Tri\u1ec7u<br>\u2022 B\u1ea1ch \u0110\u1eb1ng<br>\u2022 B\u1ea1ch Mai<br>\u2022 B\u00f9i Ng\u1ecdc D\u01b0\u01a1ng<br>\u2022 B\u00f9i Th\u1ecb Xu\u00e2n<br>\u2022 C\u1ea3m H\u1ed9i<br>\u2022 Cao \u0110\u1ea1t<br>\u2022 Ch\u00f9a Qu\u1ef3nh<br>\u2022 Ch\u00f9a Vua<br>\u2022 \u0110\u1ea1i C\u1ed3 Vi\u1ec7t<br>\u2022 \u0110\u1ea1i La<br>\u2022 \u0110\u1ed7 H\u00e0nh<br>\u2022 \u0110\u1ed7 Ng\u1ecdc Du<br>\u2022 \u0110o\u00e0n Tr\u1ea7n Nghi\u1ec7p<br>\u2022 \u0110\u1ed9i Cung<br>\u2022 \u0110\u1ed1ng M\u00e1c<br>\u2022 \u0110\u1ed3ng Nh\u00e2n<br>\u2022 D\u01b0\u01a1ng V\u0103n B\u00e9<br>\u2022 Gi\u1ea3i Ph\u00f3ng<br>\u2022 H\u00e0n Thuy\u00ean<br>\u2022 H\u00e0ng Chu\u1ed1i<br>\u2022 H\u1ed3 Xu\u00e2n H\u01b0\u01a1ng<br>\u2022 Hoa L\u01b0<br>\u2022 H\u00f2a M\u00e3<br>\u2022 Ho\u00e0ng Mai<br>\u2022 H\u1ed3ng Mai<br>\u2022 Ph\u1ed1 Hu\u1ebf<br>\u2022 H\u01b0\u01a1ng Vi\u00ean<br>\u2022 Kim Ng\u01b0u<br>\u2022 L\u1ea1c Nghi\u1ec7p<br>\u2022 L\u1ea1c Trung<br>\u2022 L\u00e3ng Y\u00ean<br>\u2022 L\u00ea \u0110\u1ea1i H\u00e0nh<br>\u2022 L\u00ea Du\u1ea9n<br>\u2022 L\u00ea Gia \u0110\u1ec9nh<br>\u2022 L\u00ea Ng\u1ecdc H\u00e2n<br>\u2022 L\u00ea Qu\u00fd \u0110\u00f4n<br>\u2022 L\u00ea Thanh Ngh\u1ecb<br>\u2022 L\u00ea V\u0103n H\u01b0u<br>\u2022 L\u00f2 \u0110\u00fac<br>\u2022 L\u01b0\u01a1ng Y\u00ean<br>\u2022 M\u1ea1c Th\u1ecb B\u01b0\u1edfi<br>\u2022 Mai H\u1eafc \u0110\u1ebf<br>\u2022 Minh Khai<br>\u2022 Ng\u00f4 Th\u00ec Nh\u1eadm<br>\u2022 Nguy\u1ec5n An Ninh<br>\u2022 Nguy\u1ec5n B\u1ec9nh Khi\u00eam<br>\u2022 Nguy\u1ec5n Cao<br>\u2022 Nguy\u1ec5n C\u00f4ng Tr\u1ee9<br>\u2022 Nguy\u1ec5n \u0110\u00ecnh Chi\u1ec3u<br>\u2022 Nguy\u1ec5n Du<br>\u2022 Nguy\u1ec5n Hi\u1ec1n<br>\u2022 Nguy\u1ec5n Huy T\u1ef1<br>\u2022 Nguy\u1ec5n Kho\u00e1i<br>\u2022 Nguy\u1ec5n Quy\u1ec1n<br>\u2022 Nguy\u1ec5n Th\u01b0\u1ee3ng Hi\u1ec1n<br>\u2022 Nguy\u1ec5n Trung Ng\u1ea1n<br>\u2022 Ph\u1ea1m \u0110\u00ecnh H\u1ed5<br>\u2022 Ph\u00f9 \u0110\u1ed5ng Thi\u00ean V\u01b0\u01a1ng<br>\u2022 Ph\u00f9ng Kh\u1eafc Khoan<br>\u2022 Quang Trung<br>\u2022 Qu\u1ef3nh L\u00f4i<br>\u2022 Qu\u1ef3nh Mai<br>\u2022 T\u1ea1 Quang B\u1eedu<br>\u2022 Tam Trinh<br>\u2022 T\u0103ng B\u1ea1t H\u1ed5<br>\u2022 T\u00e2y K\u1ebft<br>\u2022 Th\u00e1i Phi\u00ean<br>\u2022 Thanh Nh\u00e0n<br>\u2022 Th\u1ec3 Giao<br>\u2022 Thi S\u00e1ch<br>\u2022 Thi\u1ec1n Quang<br>\u2022 Th\u1ecbnh Y\u00ean<br>\u2022 Th\u1ecd L\u00e3o<br>\u2022 T\u00f4 Hi\u1ebfn Th\u00e0nh<br>\u2022 Tr\u1ea7n B\u00ecnh Tr\u1ecdng<br>\u2022 Tr\u1ea7n Cao V\u00e2n<br>\u2022 Tr\u1ea7n \u0110\u1ea1i Ngh\u0129a<br>\u2022 Tr\u1ea7n H\u01b0ng \u0110\u1ea1o<br>\u2022 Tr\u1ea7n Kh\u00e1nh D\u01b0<br>\u2022 Tr\u1ea7n Kh\u00e1t Ch\u00e2n<br>\u2022 Tr\u1ea7n Nh\u00e2n T\u00f4ng<br>\u2022 Tr\u1ea7n Th\u00e1nh T\u00f4ng<br>\u2022 Tr\u1ea7n Xu\u00e2n So\u1ea1n<br>\u2022 Tri\u1ec7u Vi\u1ec7t V\u01b0\u01a1ng<br>\u2022 Tr\u01b0\u01a1ng \u0110\u1ecbnh<br>\u2022 Tu\u1ec7 T\u0129nh<br>\u2022 T\u01b0\u01a1ng Mai<br>\u2022 V\u00e2n \u0110\u1ed3n<br>\u2022 V\u1ea1n Ki\u1ebfp<br>\u2022 V\u0129nh Tuy<br>\u2022 V\u00f5 Th\u1ecb S\u00e1u<br>\u2022 V\u1ecdng<br>\u2022 V\u0169 H\u1eefu L\u1ee3i<br>\u2022 Y\u00ean B\u00e1i<br>\u2022 Y\u00ean L\u1ea1c<br>\u2022 Yersin<br>\u2022 Y\u1ebft Ki\u00eau<\/p>\n\n\n\n<p><strong>Ch\u1ee5p \u1ea3nh th\u1ebb L\u1ea5y Ngay Qu\u1eadn Ho\u1eb1ng Mai h\u1ed7 tr\u1ee3 t\u1eadn n\u01a1i 24\/24 \u0110t: 0386 604 999 &#8211; 0335 222 507 R\u1eeda \u1ea3nh L\u1ea5y Ngay http:\/\/ruaanhlayngay.com<\/strong><br>Qu\u1ea7n Ho\u00e0ng Mai, \u0110\u1ea1i Kim, \u0110\u1ecbnh C\u00f4ng, Gi\u00e1p B\u00e1t, Ho\u00e0ng Li\u1ec7t, Ho\u00e0ng V\u0103n Th\u1ee5, L\u0129nh Nam, Mai \u0110\u1ed9ng, T\u00e2n Mai, Thanh Tr\u00ec, Th\u1ecbnh Li\u1ec7t, Tr\u1ea7n Ph\u00fa, T\u01b0\u01a1ng Mai, V\u0129nh H\u01b0ng, Y\u00ean S\u1edf.<\/p>\n\n\n\n<p><strong>Ch\u1ee5p \u1ea3nh th\u1ebb L\u1ea5y Ngay Qu\u1eadn Ho\u1eb1ng Mai h\u1ed7 tr\u1ee3 t\u1eadn n\u01a1i 24\/24 \u0110t: 0386 604 999 &#8211; 0335 222 507 R\u1eeda \u1ea3nh L\u1ea5y Ngay http:\/\/ruaanhlayngay.com<\/strong><\/p>\n\n\n\n<p>\u2022 B\u1eb1ng Li\u1ec7t<br>\u2022 B\u00f9i Huy B\u00edch<br>\u2022 B\u00f9i X\u01b0\u01a1ng Tr\u1ea1ch<br>\u2022 \u0110\u1ea1i T\u1eeb<br>\u2022 \u0110\u1eb7ng Xu\u00e2n B\u1ea3ng<br>\u2022 \u0110\u1ecbnh C\u00f4ng<br>\u2022 \u0110\u1ecbnh C\u00f4ng H\u1ea1<br>\u2022 \u0110\u1ecbnh C\u00f4ng Th\u01b0\u1ee3ng<br>\u2022 \u0110\u00f4ng Thi\u00ean<br>\u2022 D\u01b0\u01a1ng V\u0103n B\u00e9<br>\u2022 Gi\u1ea3i Ph\u00f3ng<br>\u2022 Gi\u00e1p B\u00e1t<br>\u2022 Gi\u00e1p Nh\u1ecb<br>\u2022 Ho\u00e0ng Li\u1ec7t<br>\u2022 Ho\u00e0ng Mai<br>\u2022 H\u1ed3ng Quang<br>\u2022 H\u01b0ng Ph\u00fac<br>\u2022 H\u01b0ng Th\u1ecbnh<br>\u2022 Khuy\u1ebfn L\u01b0\u01a1ng<br>\u2022 Kim \u0110\u1ed3ng<br>\u2022 Kim Giang<br>\u2022 Linh \u0110\u00e0m<br>\u2022 Linh \u0110\u01b0\u1eddng<br>\u2022 L\u0129nh Nam<br>\u2022 L\u01b0\u01a1ng Kh\u00e1nh Thi\u1ec7n<br>\u2022 Mai \u0110\u1ed9ng<br>\u2022 Nam D\u01b0<br>\u2022 Nghi\u00eam Xu\u00e2n Y\u00eam<br>\u2022 Ng\u1ecdc H\u1ed3i<br>\u2022 Ng\u0169 Nh\u1ea1c<br>\u2022 Nguy\u1ec5n An Ninh<br>\u2022 Nguy\u1ec5n C\u1ea3nh D\u1ecb<br>\u2022 Nguy\u1ec5n Ch\u00ednh<br>\u2022 Nguy\u1ec5n C\u00f4ng Th\u00e1i<br>\u2022 Nguy\u1ec5n \u0110\u1ee9c C\u1ea3nh<br>\u2022 Nguy\u1ec5n Duy Trinh<br>\u2022 Nguy\u1ec5n H\u1eefu Th\u1ecd<br>\u2022 Nguy\u1ec5n Kho\u00e1i<br>\u2022 Nguy\u1ec5n Xi\u1ec3n<br>\u2022 S\u1edf Th\u01b0\u1ee3ng<br>\u2022 Tam Trinh<br>\u2022 T\u00e2n Khai t\u1ef1u li\u1ec7t<br>\u2022 T\u00e2n Mai<br>\u2022 T\u00e2y Tr\u00e0<br>\u2022 Thanh \u0110\u00e0m<br>\u2022 Thanh L\u00e2n<br>\u2022 Th\u1ecbnh Li\u1ec7t<br>\u2022 Th\u00fay L\u0129nh<br>\u2022 Tr\u1ea7n \u0110i\u1ec1n<br>\u2022 Tr\u1ea7n H\u00f2a<br>\u2022 Tr\u1ea7n Nguy\u00ean \u0110\u00e1n<br>\u2022 Tr\u1ea7n Th\u1ee7 \u0110\u1ed9<br>\u2022 Tr\u1ecbnh \u0110\u00ecnh C\u1eedu<br>\u2022 Tr\u01b0\u01a1ng \u0110\u1ecbnh<br>\u2022 T\u01b0\u01a1ng Mai<br>\u2022 V\u0129nh H\u01b0ng<br>\u2022 V\u0169 T\u00f4ng Phan<br>\u2022 Y\u00ean Duy\u00ean<br>\u2022 Y\u00ean S\u1edf<\/p>\n\n\n\n<p><\/p>\n","protected":false},"excerpt":{"rendered":"<div class=\"mh-excerpt\"><p>\u0110\u1ecba ch\u1ec9 website l\u00e0: http:\/\/ruaanhlayngay.com. \u0110\u1ecba ch\u1ec9 Ch\u1ee5p \u1ea3nh th\u1ebb L\u1ea5y Ngay v\u00e0 R\u1eeda \u1ea3nh c\u1ee1 to L\u1ea5y Ngay Minh Khai Timecity H\u1ed7 tr\u1ee3 t\u1eadn <a class=\"mh-excerpt-more\" href=\"http:\/\/ruaanhlayngay.com\/rua-anh\/chinh-sach-bao-mat\/\" title=\"\u0110\u1ecba ch\u1ec9\">[&#8230;]<\/a><\/p>\n<\/div>","protected":false},"author":1,"featured_media":0,"parent":0,"menu_order":3,"comment_status":"closed","ping_status":"open","template":"","meta":[],"_links":{"self":[{"href":"http:\/\/ruaanhlayngay.com\/rua-anh\/wp-json\/wp\/v2\/pages\/3"}],"collection":[{"href":"http:\/\/ruaanhlayngay.com\/rua-anh\/wp-json\/wp\/v2\/pages"}],"about":[{"href":"http:\/\/ruaanhlayngay.com\/rua-anh\/wp-json\/wp\/v2\/types\/page"}],"author":[{"embeddable":true,"href":"http:\/\/ruaanhlayngay.com\/rua-anh\/wp-json\/wp\/v2\/users\/1"}],"replies":[{"embeddable":true,"href":"http:\/\/ruaanhlayngay.com\/rua-anh\/wp-json\/wp\/v2\/comments?post=3"}],"version-history":[{"count":46,"href":"http:\/\/ruaanhlayngay.com\/rua-anh\/wp-json\/wp\/v2\/pages\/3\/revisions"}],"predecessor-version":[{"id":551,"href":"http:\/\/ruaanhlayngay.com\/rua-anh\/wp-json\/wp\/v2\/pages\/3\/revisions\/551"}],"wp:attachment":[{"href":"http:\/\/ruaanhlayngay.com\/rua-anh\/wp-json\/wp\/v2\/media?parent=3"}],"curies":[{"name":"wp","href":"https:\/\/api.w.org\/{rel}","templated":true}]}}