{"id":232,"date":"2020-09-16T08:41:20","date_gmt":"2020-09-16T08:41:20","guid":{"rendered":"http:\/\/localhost\/rua-anh\/?page_id=232"},"modified":"2021-12-28T14:25:59","modified_gmt":"2021-12-28T14:25:59","slug":"chup-anh","status":"publish","type":"page","link":"http:\/\/ruaanhlayngay.com\/rua-anh\/chup-anh\/","title":{"rendered":"Ch\u1ee5p \u1ea3nh"},"content":{"rendered":"\n<p style=\"font-size:22px\">Ch\u1ee5p \u1ea3nh th\u1ebb Minh Khai Timecity <strong><em><span class=\"has-inline-color has-vivid-cyan-blue-color\">L\u1ea5y Ngay<\/span><\/em><\/strong> 1 ph\u00fat, r\u1eeda \u1ea3nh ph\u00f3ng to <strong><em><span class=\"has-inline-color has-vivid-cyan-blue-color\">L\u1ea5y ngay<\/span><\/em><\/strong> H\u1ed7 tr\u1ee3 t\u1eadn n\u01a1i <strong><span class=\"has-inline-color has-vivid-red-color\">24\/24<\/span><\/strong> c\u1ea3 ngo\u00e0i gi\u1edd. \u0110t: <strong><span class=\"has-inline-color has-vivid-red-color\">038 6604 999 &#8211; 0335 222 507<\/span><\/strong>+++Ch\u1ee5p \u1ea3nh Sinh nh\u1eadt &#8211; Ti\u1ec7c L\u1edbp, ph\u1ee5c ch\u1ebf \u1ea3nh c\u0169+++<span class=\"has-inline-color has-vivid-red-color\"><strong>\u0110\u1ecba ch\u1ec9 Ch\u1ee5p \u1ea3nh Cho b\u00e9 &amp; Gia \u0111\u00ecnh L\u1ea5y Ngay v\u00e0 R\u1eeda \u1ea3nh kh\u1ed5 to L\u1ea5y Ngay Anh Khoa 233 Minh Khai  &#8211; b\u00ean ph\u1ea3i \u0111\u01b0\u1eddng ch\u01b0a \u0111\u1ebfn c\u1ea7u Mai \u0110\u1ed9ng v\u00e0  \u0111\u1ecba ch\u1ec9 T\u1ea7ng 1 shop 02 Park 2 Timecity 458 Minh Khai, P. V\u0129nh Tuy, H\u00e0 N\u1ed9i (ngay M\u1eb7t \u0111\u01b0\u1eddng to \u0111\u1ed1i di\u1ec7n T9 Timecity)<\/strong><\/span>+++<\/p>\n\n\n\n<p style=\"font-size:22px\">\u2728 Nh\u00e2n d\u1ecbp n\u0103m m\u1edbi Sinh Nh\u1eadt 2016, \u1ea2nh vi\u1ec7n cho b\u00e9 &#8211; Studio Anh Khoa GI\u1ea2M GI\u00c1 C\u1ef0C S\u1ed0C khi ch\u1ee5p \u1ea3nh cho b\u00e9 \u2728\u2728 K\u00e8m theo c\u00f3 c\u00e1c m\u00f3n qu\u00e0 \ud83c\udf81 d\u00e0nh t\u1eb7ng cho b\u00e9 v\u00e0 cho b\u1ed1 m\u1eb9 khi l\u1ef1a ch\u1ecdn c\u00e1c g\u00f3i ch\u1ee5p \u0111\u01a1n sau :<\/p>\n\n\n\n<p style=\"font-size:22px\">\ud83c\udf39 G\u00f3i ch\u1ee5p Cho b\u00e9 &amp; Gia \u0111\u00ecnh &#8211; Sinh nh\u1eadt &#8211; Ti\u1ec7c l\u1edbp &#8211; S\u1ef1 ki\u1ec7n si\u00eau VIP 145k:<\/p>\n\n\n\n<p style=\"font-size:22px\">\ud83c\udf31 10 \u1ea3nh 13&#215;18 \u0111\u1eb9p nh\u1ea5t \u0111\u01b0\u1ee3c in ph\u1ee7 UV<\/p>\n\n\n\n<p style=\"font-size:22px\">\ud83c\udf31 T\u1eb7ng 1 c\u1ed1c s\u1ee9 in h\u00ecnh c\u1ee7a b\u00e9<\/p>\n\n\n\n<p style=\"font-size:22px\">\ud83c\udf31 T\u1eb7ng CD \u1ea3nh \u0111\u00e3 ch\u1ee5p<\/p>\n\n\n\n<p style=\"font-size:22px\">\ud83c\udf31 T\u1eb7ng phi\u1ebfu gi\u1ea3m gi\u00e1 cho l\u1ea7n ch\u1ee5p sau<\/p>\n\n\n\n<p style=\"font-size:22px\">\ud83c\udf31 Combo 2 l\u1ecbch s\u00e1o tr\u00fac treo t\u01b0\u1eddng ch\u1ec9 440.000\u0111<\/p>\n\n\n\n<p style=\"font-size:22px\">\ud83c\udf39 G\u00f3i ch\u1ee5p \u1ea3nh Cho b\u00e9 &amp; Gia \u0111\u00ecnh &#8211; Sinh nh\u1eadt &#8211; Ti\u1ec7c l\u1edbp &#8211; S\u1ef1 ki\u1ec7n si\u00eau VIP 480K:<\/p>\n\n\n\n<p style=\"font-size:22px\">\ud83c\udf31 10 \u1ea3nh 13&#215;18 \u0111\u1eb9p nh\u1ea5t \u0111\u01b0\u1ee3c ph\u1ee7 UV<\/p>\n\n\n\n<p style=\"font-size:22px\">\ud83c\udf31 T\u1eb7ng \u1ea3nh 13&#215;18 \u00e9p g\u1ed7 sang tr\u1ecdng<\/p>\n\n\n\n<p style=\"font-size:22px\">\ud83c\udf31 T\u1eb7ng CD \u1ea3nh \u0111\u00e3 ch\u1ecdn<\/p>\n\n\n\n<p style=\"font-size:22px\">\ud83c\udf31 T\u1eb7ng phi\u1ebfu gi\u1ea3m gi\u00e1 cho l\u1ea7n ch\u1ee5p sau<\/p>\n\n\n\n<p style=\"font-size:22px\">\ud83c\udf31 T\u1eb7ng 2 m\u00f3c ch\u00eca kh\u00f3a ch\u1ea5t li\u1ec7u mica in \u1ea3nh c\u1ee7a b\u00e9<\/p>\n\n\n\n<p style=\"font-size:22px\">\ud83c\udf39 G\u00f3i ch\u1ee5p \u1ea3nh Cho b\u00e9 &amp; Gia \u0111\u00ecnh &#8211; Sinh nh\u1eadt &#8211; Ti\u1ec7c l\u1edbp si\u00eau VIP 870K:<\/p>\n\n\n\n<p style=\"font-size:22px\">\ud83c\udf31 G\u1ed3m 20 \u1ea3nh 13&#215;18 \u0111\u1eb9p nh\u1ea5t ph\u1ee7 UV<\/p>\n\n\n\n<p style=\"font-size:22px\">\ud83c\udf31 T\u1eb7ng \u1ea3nh 30&#215;45 \u00e9p g\u1ed7 sang tr\u1ecdng<\/p>\n\n\n\n<p style=\"font-size:22px\">\ud83c\udf31 T\u1eb7ng CD \u1ea3nh \u0111\u00e3 ch\u1ee5p<\/p>\n\n\n\n<p style=\"font-size:22px\">\ud83c\udf31 T\u1eb7ng phi\u1ebfu gi\u1ea3m gi\u00e1 \u1ea3nh \u0111\u00e3 ch\u1ee5p<\/p>\n\n\n\n<p style=\"font-size:22px\">\ud83c\udf31 T\u1eb7ng 1 c\u1ed1c s\u1ee9 in h\u00ecnh c\u1ee7a b\u00e9<\/p>\n\n\n\n<p style=\"font-size:22px\">\ud83d\ude99 \u0110\u1ec3 thu\u1eadn l\u1ee3i cho gia \u0111\u00ecnh, Anh Khoa c\u00f3 d\u1ecbch v\u1ee5 v\u1eadn chuy\u1ec3n \u1ea3nh mi\u1ec5n ph\u00ed 10km cho qu\u00fd kh\u00e1ch h\u00e0ng.<\/p>\n\n\n\n<p style=\"font-size:22px\">\ud83d\udcde Alo \u0111\u1eb7t l\u1ecbch ngay b\u00e2y gi\u1edd, kh\u00f4ng k\u00edn l\u1ecbch C\u00e1c M\u1eb9 nh\u00e9 !<br>=================================================<br>Li\u00ean h\u1ec7:<br>\u0110T\ud83d\udcde 038.6604.999 &#8211; 035.222.507\u0110\u1ecba ch\u1ec9 \ud83c\udfe1 458 minh khai Times City &#8211; Shop 02 T\u1ea7ng 1 Park 2 Timecity Minh Khai, Qu\u1eadn Hai B\u00e0 Tr\u01b0ng, H\u00e0 N\u1ed9i<\/p>\n\n\n\n<p style=\"font-size:22px\">\u0110\u1ecba ch\u1ec9 Linh \u0110\u00e0m \ud83c\udfe1 OCT2-\u0110N3 \u0110\u1eb7ng Xu\u00e2n B\u1ea3ng, \u0110\u1ea1i T\u1eeb, Q. Ho\u00e0ng Mai, H\u00e0 N\u1ed9i (\u0110\u00f4 th\u1ecb Linh \u0110\u00e0m)Xem th\u00eam t\u1ea1i website : http:\/\/RuaAnhLayNgay.com<\/p>\n","protected":false},"excerpt":{"rendered":"<div class=\"mh-excerpt\"><p>Ch\u1ee5p \u1ea3nh th\u1ebb Minh Khai Timecity L\u1ea5y Ngay 1 ph\u00fat, r\u1eeda \u1ea3nh ph\u00f3ng to L\u1ea5y ngay H\u1ed7 tr\u1ee3 t\u1eadn n\u01a1i 24\/24 c\u1ea3 ngo\u00e0i gi\u1edd. \u0110t: <a class=\"mh-excerpt-more\" href=\"http:\/\/ruaanhlayngay.com\/rua-anh\/chup-anh\/\" title=\"Ch\u1ee5p \u1ea3nh\">[&#8230;]<\/a><\/p>\n<\/div>","protected":false},"author":1,"featured_media":0,"parent":0,"menu_order":1,"comment_status":"closed","ping_status":"closed","template":"","meta":[],"_links":{"self":[{"href":"http:\/\/ruaanhlayngay.com\/rua-anh\/wp-json\/wp\/v2\/pages\/232"}],"collection":[{"href":"http:\/\/ruaanhlayngay.com\/rua-anh\/wp-json\/wp\/v2\/pages"}],"about":[{"href":"http:\/\/ruaanhlayngay.com\/rua-anh\/wp-json\/wp\/v2\/types\/page"}],"author":[{"embeddable":true,"href":"http:\/\/ruaanhlayngay.com\/rua-anh\/wp-json\/wp\/v2\/users\/1"}],"replies":[{"embeddable":true,"href":"http:\/\/ruaanhlayngay.com\/rua-anh\/wp-json\/wp\/v2\/comments?post=232"}],"version-history":[{"count":48,"href":"http:\/\/ruaanhlayngay.com\/rua-anh\/wp-json\/wp\/v2\/pages\/232\/revisions"}],"predecessor-version":[{"id":535,"href":"http:\/\/ruaanhlayngay.com\/rua-anh\/wp-json\/wp\/v2\/pages\/232\/revisions\/535"}],"wp:attachment":[{"href":"http:\/\/ruaanhlayngay.com\/rua-anh\/wp-json\/wp\/v2\/media?parent=232"}],"curies":[{"name":"wp","href":"https:\/\/api.w.org\/{rel}","templated":true}]}}